{"id":301,"date":"2025-09-05T08:47:44","date_gmt":"2025-09-05T08:47:44","guid":{"rendered":"https:\/\/bullcasino-se.com\/?page_id=301"},"modified":"2026-02-24T08:03:59","modified_gmt":"2026-02-24T08:03:59","slug":"datenschutzrichtlinie","status":"publish","type":"page","link":"https:\/\/bullcasino-se.com\/de\/datenschutzrichtlinie\/","title":{"rendered":"Datenschutzrichtlinie"},"content":{"rendered":"\n<div class=\"wp-block-columns alignwide has-ast-global-color-5-color has-text-color has-background has-link-color wp-elements-fab684961bb52fb3edf802976742014a is-layout-flex wp-container-core-columns-is-layout-34c6d8ac wp-block-columns-is-layout-flex\" style=\"background-color:#07141d;margin-top:0;margin-bottom:0;padding-top:var(--wp--preset--spacing--80);padding-bottom:var(--wp--preset--spacing--50)\">\n<div class=\"wp-block-column is-layout-flow wp-block-column-is-layout-flow\">\n<h3 class=\"wp-block-heading has-ast-global-color-5-color has-text-color has-link-color wp-elements-1f9a3a23e63fc3b8620a64f3d173f683\" id=\"h-integritetspolicy-hantering-av-personuppgifter\">Datenschutzrichtlinie \u2013 Handhabung von Personendaten<\/h3>\n\n\n\n<p id=\"p-rc_907f44c436a46d24-942\">Das Unternehmen, das Bull Casino betreibt, sch\u00e4tzt es, dass Sie uns Ihre Daten anvertraut haben, und wir m\u00f6chten v\u00f6llig transparent dar\u00fcber sein, wie diese verwendet werden. In dieser Richtlinie beschreiben wir, wie wir Spiele, Anwendungen, Software, Websites, APIs (application programming interfaces), Produkte und Dienstleistungen (\u201edie Dienste\u201c) behandeln. Unser Ausgangspunkt ist, dass Sie niemals dar\u00fcber \u00fcberrascht sein sollten, wie wir mit Ihren Informationen umgehen.<\/p>\n\n\n\n<p id=\"p-rc_907f44c436a46d24-943\">Unten finden Sie Informationen dar\u00fcber, welche Daten wir sammeln, wie wir sie verwenden, wie Sie selbst die Handhabung beeinflussen k\u00f6nnen sowie welche Ma\u00dfnahmen wir ergreifen, um Ihre Personendaten zu sch\u00fctzen. Wenn Sie Fragen zu unserer Datenschutzrichtlinie haben, k\u00f6nnen Sie uns jederzeit unter support@bullcasino.com kontaktieren.<\/p>\n\n\n\n<h4 class=\"wp-block-heading has-ast-global-color-4-color has-text-color has-link-color wp-elements-61fc47bd7e44c2ba9029001493bb0531\">Informationen, Zweck und Speicherung<\/h4>\n\n\n\n<p><strong>Konto- und Registrierungsdaten<\/strong><\/p>\n\n\n\n<ul class=\"wp-block-list\">\n<li><strong>Welche Daten<\/strong>: Name, Geburtsdatum, Telefonnummer, Adresse.<\/li>\n\n\n\n<li><strong>Zweck<\/strong>: Erforderlich, um ein Konto zu erstellen und die Dienste liefern zu k\u00f6nnen.<\/li>\n\n\n\n<li><strong>Speicherung<\/strong>: 6 Jahre nachdem Sie Ihr Konto geschlossen haben.<\/li>\n\n\n\n<li><strong>Zusatz<\/strong>: Bestimmte Daten werden gem\u00e4\u00df Steuer- und Buchhaltungsregeln 10 Jahre lang gespeichert.<\/li>\n<\/ul>\n\n\n\n<p><strong>Kundenkenntnis (KYC\/AML)<\/strong><\/p>\n\n\n\n<ul class=\"wp-block-list\">\n<li><strong>Welche Daten<\/strong>: Beruf, Einkommensquelle, Nachweis \u00fcber legale Verm\u00f6genswerte, PEP-Status (politisch exponierte Person), internationale\/finanzielle Sanktionen, Eigentum an Unternehmen oder Immobilien, Gerichtsbeschl\u00fcsse, Insolvenz, Steuerinformationen.<\/li>\n\n\n\n<li><strong>Zweck<\/strong>: Werden direkt von Ihnen oder \u00fcber \u00f6ffentliche Quellen gesammelt, um Verpflichtungen gem\u00e4\u00df dem Gesetz \u00fcber Geldw\u00e4sche (AML) und Terrorismusfinanzierung (CTF) sowie unsere Sorgfaltspflicht zu erf\u00fcllen.<\/li>\n\n\n\n<li><strong>Speicherung<\/strong>: 6 Jahre nach Schlie\u00dfung des Kontos.<\/li>\n\n\n\n<li><strong>Zusatz<\/strong>: Bestimmte Daten werden gem\u00e4\u00df geltender Gesetzgebung 10 Jahre lang gespeichert.<\/li>\n<\/ul>\n\n\n\n<p><strong>Informationen zur Selbstsperre<\/strong><\/p>\n\n\n\n<ul class=\"wp-block-list\">\n<li><strong>Zweck<\/strong>: Wird gespeichert, wenn Sie selbst eine Spielpause oder Selbstsperre beantragen.<\/li>\n\n\n\n<li><strong>Speicherung<\/strong>: So lange es erforderlich ist, um die Anfrage zu erf\u00fcllen.<\/li>\n<\/ul>\n\n\n\n<p><strong>Nutzerdaten<\/strong><\/p>\n\n\n\n<ul class=\"wp-block-list\">\n<li><strong>Welche Daten<\/strong>: Spielpr\u00e4ferenzen, Transaktionsverlauf, Interaktion mit den Diensten, verwendete Ger\u00e4te\/Computer, IP-Adressen, Webbrowser, Sprache, Betriebssystem, verweisende Websites\/Seiten, Standortinformationen, Cookies.<\/li>\n\n\n\n<li><strong>Zweck<\/strong>: Um das Spielerlebnis zu verbessern, neue Funktionen und Dienste zu entwickeln, Probleme zu analysieren und vorzubeugen, Tests und Untersuchungen durchzuf\u00fchren.<\/li>\n\n\n\n<li><strong>Speicherung<\/strong>: 2 Jahre ab dem Zeitpunkt der Erhebung.<\/li>\n<\/ul>\n\n\n\n<p><strong>Daten, die Sie selbst angeben<\/strong><\/p>\n\n\n\n<ul class=\"wp-block-list\">\n<li><strong>Welche Daten<\/strong>: Bei Kontakt mit uns, Teilnahme an Untersuchungen, Wettbewerben oder Kampagnen sammeln wir Namen, Kontaktdaten und Nachrichten.<\/li>\n\n\n\n<li><strong>Speicherung<\/strong>: 2 Jahre ab Erhebung.<\/li>\n\n\n\n<li><strong>Zusatz<\/strong>: Bei besonderem Bedarf k\u00f6nnen die Daten l\u00e4nger gespeichert werden.<\/li>\n<\/ul>\n\n\n\n<h4 class=\"wp-block-heading has-ast-global-color-4-color has-text-color has-link-color wp-elements-49a017213bbd3847f0a3bfa9f331d601\">Besondere Kategorien von Personendaten<\/h4>\n\n\n\n<p id=\"p-rc_907f44c436a46d24-960\">Wir sammeln keine sensiblen Personendaten wie Angaben zu ethnischer Herkunft, Religion, politischen Meinungen, Sexualleben oder Gesundheit. Wir sammeln auch keine genetischen oder biometrischen Daten, Gewerkschaftszugeh\u00f6rigkeit oder strafrechtliche Verurteilungen. Es kann jedoch nicht ausgeschlossen werden, dass Sie solche Informationen bei Kontakt selbst angeben; in diesem Fall k\u00f6nnen sie im Zusammenhang mit der Kommunikation verarbeitet werden.<\/p>\n\n\n\n<h4 class=\"wp-block-heading has-ast-global-color-4-color has-text-color has-link-color wp-elements-694b0c6cc062a9e60d766f3542b55254\">Sicherheit und Speicherung<\/h4>\n\n\n\n<p id=\"p-rc_907f44c436a46d24-961\">Wir haben starke Sicherheitsma\u00dfnahmen, um Ihre Personendaten zu sch\u00fctzen, unter anderem Verschl\u00fcsselung und interne Sicherheitsrichtlinien. Nur befugte Personen mit legitimem Bedarf haben Zugang. Wir haben Routinen zur Handhabung vermuteter Datenvorf\u00e4lle und sind verpflichtet, Sie und relevante Beh\u00f6rden bei einem solchen Ereignis zu benachrichtigen. Zahlungs- und Kartendaten werden mit SSL-Verschl\u00fcsselung gesch\u00fctzt, dem gleichen Typ, der von Banken und gro\u00dfen Finanzinstitutionen weltweit verwendet wird.<\/p>\n\n\n\n<h4 class=\"wp-block-heading has-ast-global-color-4-color has-text-color has-link-color wp-elements-774d00ed4f060b45553b0a03c6a8e0e2\">Cookies<\/h4>\n\n\n\n<p id=\"p-rc_907f44c436a46d24-962\">Unsere Website verwendet Cookies, kleine Dateien, die an Ihren Browser gesendet werden. Mithilfe von Cookies k\u00f6nnen wir Informationen dar\u00fcber sammeln, wie unsere Dienste genutzt werden, und ein benutzerfreundlicheres Erlebnis anbieten.<\/p>\n\n\n\n<h4 class=\"wp-block-heading has-ast-global-color-4-color has-text-color has-link-color wp-elements-bc7a4e154ccf8df0147e68ffbd236538\">Websites Dritter<\/h4>\n\n\n\n<p id=\"p-rc_907f44c436a46d24-963\">Unsere Website kann Links zu nationalen oder internationalen Websites Dritter enthalten (mit deren Erlaubnis). Diese werden nicht von uns kontrolliert, und wir sind nicht verantwortlich f\u00fcr deren Inhalte, Dienste oder Angebote. Wenn Sie solche Seiten besuchen, gilt deren eigene Datenschutzrichtlinie.<\/p>\n\n\n\n<h4 class=\"wp-block-heading has-ast-global-color-4-color has-text-color has-link-color wp-elements-d429d2b364f0d6287dd5bff122750939\">Wie wir mit Ihnen kommunizieren<\/h4>\n\n\n\n<p id=\"p-rc_907f44c436a46d24-964\">Wir verwenden Ihre Daten, um Servicenachrichten zu senden, auf Anfragen zu antworten und \u00fcber neue Funktionen oder Produkte zu informieren. Sie k\u00f6nnen steuern, welche Werbung Sie erhalten, indem Sie den Kundendienst kontaktieren oder sich von Newslettern abmelden. Beachten Sie, dass Daten im Internet \u00fcber Staatsgrenzen hinweg \u00fcbertragen werden k\u00f6nnen, selbst wenn sich Absender und Empf\u00e4nger im selben Land befinden. Dies bedeutet, dass E-Mails mit Personendaten L\u00e4nder mit anderem Datenschutzniveau passieren k\u00f6nnen.<\/p>\n\n\n\n<h4 class=\"wp-block-heading has-ast-global-color-4-color has-text-color has-link-color wp-elements-e1cf8fba3d71e6b9c38f1a9c6d6ad2f7\">Wie wir Informationen teilen<\/h4>\n\n\n\n<p id=\"p-rc_907f44c436a46d24-965\">Wir teilen Daten mit Partnern, die Daten f\u00fcr uns gem\u00e4\u00df unseren Anweisungen, der geltenden Gesetzgebung und dieser Richtlinie verarbeiten. Diese Partner stellen Dienste in den Bereichen IT, Zahlungen, Marketing, Datenanalyse, Forschung und Marktumfragen bereit. Wir arbeiten auch mit Analyse- und Werbepartnern zusammen, um zu verstehen, wie Nutzer mit unseren Diensten interagieren. Diese Akteure k\u00f6nnen Cookies und \u00e4hnliche Techniken verwenden, um Informationen zu sammeln. Wir k\u00f6nnen auch anonymisierte und nicht-pers\u00f6nliche Informationen teilen.<\/p>\n\n\n\n<h4 class=\"wp-block-heading has-ast-global-color-4-color has-text-color has-link-color wp-elements-991c1b045b636df1bb9a93172fd5bae1\">Kontaktangaben<\/h4>\n\n\n\n<p id=\"p-rc_907f44c436a46d24-966\">Moody Moose Limitada, Provinz San Jose, Escazu, Distrikt San Rafael, 400 m s\u00fcdlich des Multiplaza Shopping Centers, Haus Nr. 400, La Ceiba Street, Costa Rica, support@bullcasino.com<sup><\/sup>.<\/p>\n\n\n\n<h4 class=\"wp-block-heading has-ast-global-color-4-color has-text-color has-link-color wp-elements-ec3bce696a5c1b0a8f1c228e10392944\">Aktualisierung der Richtlinie<\/h4>\n\n\n\n<p id=\"p-rc_907f44c436a46d24-967\">Wir aktualisieren unsere Datenschutzrichtlinie regelm\u00e4\u00dfig, um die Informationen aktuell zu halten<sup><\/sup>. Wenn \u00c4nderungen eine neue Zustimmung erfordern, bitten wir darum<sup><\/sup>.<\/p>\n\n\n\n<p><strong>Zuletzt aktualisiert<\/strong>: 15.07.2025 <sup><\/sup><\/p>\n<\/div>\n<\/div>\n","protected":false},"excerpt":{"rendered":"<p>Datenschutzrichtlinie \u2013 Handhabung von Personendaten Das Unternehmen, das Bull Casino betreibt, sch\u00e4tzt es, dass Sie uns Ihre Daten anvertraut haben, [&hellip;]<\/p>\n","protected":false},"author":7,"featured_media":0,"parent":0,"menu_order":0,"comment_status":"closed","ping_status":"closed","template":"","meta":{"site-sidebar-layout":"default","site-content-layout":"","ast-site-content-layout":"default","site-content-style":"default","site-sidebar-style":"default","ast-global-header-display":"","ast-banner-title-visibility":"","ast-main-header-display":"","ast-hfb-above-header-display":"","ast-hfb-below-header-display":"","ast-hfb-mobile-header-display":"","site-post-title":"disabled","ast-breadcrumbs-content":"","ast-featured-img":"","footer-sml-layout":"","ast-disable-related-posts":"","theme-transparent-header-meta":"","adv-header-id-meta":"","stick-header-meta":"","header-above-stick-meta":"","header-main-stick-meta":"","header-below-stick-meta":"","astra-migrate-meta-layouts":"default","ast-page-background-enabled":"default","ast-page-background-meta":{"desktop":{"background-color":"var(--ast-global-color-5)","background-image":"","background-repeat":"repeat","background-position":"center center","background-size":"auto","background-attachment":"scroll","background-type":"","background-media":"","overlay-type":"","overlay-color":"","overlay-opacity":"","overlay-gradient":""},"tablet":{"background-color":"","background-image":"","background-repeat":"repeat","background-position":"center center","background-size":"auto","background-attachment":"scroll","background-type":"","background-media":"","overlay-type":"","overlay-color":"","overlay-opacity":"","overlay-gradient":""},"mobile":{"background-color":"","background-image":"","background-repeat":"repeat","background-position":"center center","background-size":"auto","background-attachment":"scroll","background-type":"","background-media":"","overlay-type":"","overlay-color":"","overlay-opacity":"","overlay-gradient":""}},"ast-content-background-meta":{"desktop":{"background-color":"var(--ast-global-color-4)","background-image":"","background-repeat":"repeat","background-position":"center center","background-size":"auto","background-attachment":"scroll","background-type":"","background-media":"","overlay-type":"","overlay-color":"","overlay-opacity":"","overlay-gradient":""},"tablet":{"background-color":"var(--ast-global-color-4)","background-image":"","background-repeat":"repeat","background-position":"center center","background-size":"auto","background-attachment":"scroll","background-type":"","background-media":"","overlay-type":"","overlay-color":"","overlay-opacity":"","overlay-gradient":""},"mobile":{"background-color":"var(--ast-global-color-4)","background-image":"","background-repeat":"repeat","background-position":"center center","background-size":"auto","background-attachment":"scroll","background-type":"","background-media":"","overlay-type":"","overlay-color":"","overlay-opacity":"","overlay-gradient":""}},"footnotes":""},"class_list":["post-301","page","type-page","status-publish","hentry"],"_links":{"self":[{"href":"https:\/\/bullcasino-se.com\/de\/wp-json\/wp\/v2\/pages\/301","targetHints":{"allow":["GET"]}}],"collection":[{"href":"https:\/\/bullcasino-se.com\/de\/wp-json\/wp\/v2\/pages"}],"about":[{"href":"https:\/\/bullcasino-se.com\/de\/wp-json\/wp\/v2\/types\/page"}],"author":[{"embeddable":true,"href":"https:\/\/bullcasino-se.com\/de\/wp-json\/wp\/v2\/users\/7"}],"replies":[{"embeddable":true,"href":"https:\/\/bullcasino-se.com\/de\/wp-json\/wp\/v2\/comments?post=301"}],"version-history":[{"count":1,"href":"https:\/\/bullcasino-se.com\/de\/wp-json\/wp\/v2\/pages\/301\/revisions"}],"predecessor-version":[{"id":308,"href":"https:\/\/bullcasino-se.com\/de\/wp-json\/wp\/v2\/pages\/301\/revisions\/308"}],"wp:attachment":[{"href":"https:\/\/bullcasino-se.com\/de\/wp-json\/wp\/v2\/media?parent=301"}],"curies":[{"name":"wp","href":"https:\/\/api.w.org\/{rel}","templated":true}]}}