{"id":299,"date":"2025-09-05T08:47:37","date_gmt":"2025-09-05T08:47:37","guid":{"rendered":"https:\/\/bullcasino-se.com\/?page_id=299"},"modified":"2026-02-24T08:03:59","modified_gmt":"2026-02-24T08:03:59","slug":"verantwortungsvolles-spielen","status":"publish","type":"page","link":"https:\/\/bullcasino-se.com\/de\/verantwortungsvolles-spielen\/","title":{"rendered":"Verantwortungsvolles Spielen"},"content":{"rendered":"\n<div class=\"wp-block-columns alignwide has-ast-global-color-5-color has-text-color has-background has-link-color wp-elements-3573ca4f1c4333e9abaf5f0aee2fa8c5 is-layout-flex wp-container-core-columns-is-layout-34c6d8ac wp-block-columns-is-layout-flex\" style=\"background-color:#07141d;margin-top:0;margin-bottom:0;padding-top:var(--wp--preset--spacing--80);padding-bottom:var(--wp--preset--spacing--50)\">\n<div class=\"wp-block-column is-layout-flow wp-block-column-is-layout-flow\">\n<h3 class=\"wp-block-heading has-ast-global-color-5-color has-text-color has-link-color wp-elements-acc028b49e242b36ef43a6912d6e9eae\" id=\"h-ansvarsfullt-spelande\">Verantwortungsvolles Spielen<\/h3>\n\n\n\n<p id=\"p-rc_160fa103b53a5234-442\">Wir nehmen Verantwortungsvolles Spielen bei Bull Casino sehr ernst, da wir wissen, dass das Spielen f\u00fcr einige Kunden zu pers\u00f6nlichen, sozialen, finanziellen oder gesundheitlichen Problemen f\u00fchren kann. Wir sind hier, um alle Fragen zu beantworten, die Sie zu Ihrem Spielverhalten oder Ihrem Konto im Allgemeinen haben k\u00f6nnten. Z\u00f6gern Sie nicht, unseren Kundenservice jederzeit zu kontaktieren.+2<\/p>\n\n\n\n<h4 class=\"wp-block-heading has-ast-global-color-4-color has-text-color has-link-color wp-elements-068b8cc705017792951e548a5ed8af1e\">Die Kontrolle behalten<\/h4>\n\n\n\n<p id=\"p-rc_160fa103b53a5234-443\">Gl\u00fccksspiel sollte ein Vergn\u00fcgen sein \u2013 keine Methode, um Geld zu verdienen<sup><\/sup>. Die meisten k\u00f6nnen Gl\u00fccksspiel als Freizeitaktivit\u00e4t betrachten und nur Geld riskieren, dessen Verlust sie sich leisten k\u00f6nnen, aber das gilt nicht f\u00fcr alle<sup><\/sup>. Um Ihnen zu helfen, die Kontrolle \u00fcber Ihr Spielverhalten zu behalten, erinnern wir an Folgendes<sup><\/sup>:+2<\/p>\n\n\n\n<ul class=\"wp-block-list\">\n<li>Spielen Sie mit Ma\u00df und betrachten Sie Spiel als Unterhaltung, nicht als Einkommensquelle.<\/li>\n\n\n\n<li>Versuchen Sie nicht, Verlusten hinterherzujagen \u2013 es kommt immer ein neuer Tag.<\/li>\n\n\n\n<li>Spielen Sie nur, wenn Sie eventuelle Verluste tragen k\u00f6nnen.<\/li>\n\n\n\n<li>Behalten Sie im Auge, wie viel Zeit und Geld Sie f\u00fcr das Spielen aufwenden.<\/li>\n\n\n\n<li>Ben\u00f6tigen Sie eine Pause, k\u00f6nnen Sie uns unter support@bullcasino.com kontaktieren.<\/li>\n\n\n\n<li>Selbstsperre ist ein gutes Werkzeug, wenn Sie f\u00fchlen, dass Ihnen die Kontrolle entgleitet.<\/li>\n\n\n\n<li>M\u00f6chten Sie mit jemandem \u00fcber Ihr Spielverhalten sprechen, kontaktieren Sie bitte eine der Organisationen im Abschnitt \u201eHilfsorganisationen bei Spielproblemen\u201c weiter unten auf der Seite.<\/li>\n<\/ul>\n\n\n\n<h4 class=\"wp-block-heading has-ast-global-color-4-color has-text-color has-link-color wp-elements-5f8bdabcab2f448d97633fbae5ee6483\">Selbsttest \u2013 Fragen<\/h4>\n\n\n\n<p id=\"p-rc_160fa103b53a5234-451\">Nachfolgend finden Sie eine Reihe von Fragen, die Sie sich selbst stellen k\u00f6nnen<sup><\/sup>. Ihre Antworten k\u00f6nnen ein klareres Bild Ihres Spielverhaltens vermitteln und aufzeigen, ob Sie riskieren, Spielprobleme zu bekommen oder bereits welche haben<sup><\/sup>. Versuchen Sie, so ehrlich wie m\u00f6glich zu antworten<sup><\/sup>.+2<\/p>\n\n\n\n<ul class=\"wp-block-list\">\n<li>Haben Sie jemals Arbeit oder Studium wegen des Spielens vernachl\u00e4ssigt?<\/li>\n\n\n\n<li>Hat das Spielen Ihr Familienleben ungl\u00fccklich gemacht?<\/li>\n\n\n\n<li>Wurde Ihr Ruf durch das Spielen negativ beeinflusst?<\/li>\n\n\n\n<li>Haben Sie nach dem Spielen Schuldgef\u00fchle empfunden?<\/li>\n\n\n\n<li>Haben Sie gespielt, um Geld f\u00fcr Schulden zu beschaffen oder finanzielle Probleme zu l\u00f6sen?<\/li>\n\n\n\n<li>Wurden Ihre Effizienz oder Ihre Ambitionen durch das Spielen negativ beeinflusst?<\/li>\n\n\n\n<li>Hatten Sie nach einem Verlust das Gef\u00fchl, so schnell wie m\u00f6glich zur\u00fcckkehren zu m\u00fcssen, um das Verlorene wiederzugewinnen?<\/li>\n\n\n\n<li>Haben Sie ein starkes Verlangen versp\u00fcrt, zur\u00fcckzukehren und noch mehr zu gewinnen?<\/li>\n\n\n\n<li>Haben Sie oft gespielt, bis der letzte Cent weg war?<\/li>\n\n\n\n<li>Haben Sie Geld geliehen, um das Spielen zu finanzieren?<\/li>\n\n\n\n<li>Haben Sie etwas verkauft, um spielen zu k\u00f6nnen?<\/li>\n\n\n\n<li>Haben Sie \u201eSpielgeld\u201c nur ungern f\u00fcr andere Ausgaben verwendet?<\/li>\n\n\n\n<li>Hat das Spielen dazu gef\u00fchrt, dass Sie sich um Ihr eigenes Wohlbefinden und das Ihrer Familie sorgten?<\/li>\n\n\n\n<li>Haben Sie jemals l\u00e4nger gespielt als geplant?<\/li>\n\n\n\n<li>Haben Sie online gespielt, um Sorgen oder Problemen zu entfliehen?<\/li>\n\n\n\n<li>Haben Sie Straftaten begangen oder in Erw\u00e4gung gezogen, um das Spielen zu finanzieren?<\/li>\n\n\n\n<li>Hat Ihr Spielverhalten Schlafprobleme verursacht?<\/li>\n\n\n\n<li>Bringen Streit, Entt\u00e4uschung oder Frustration Sie dazu, spielen zu wollen?<\/li>\n\n\n\n<li>Wollten Sie Erfolge mit einigen Stunden Spiel feiern?<\/li>\n\n\n\n<li>Hat das Spielen Sie jemals dazu gebracht, Selbstmord in Erw\u00e4gung zu ziehen?<\/li>\n<\/ul>\n\n\n\n<p id=\"p-rc_160fa103b53a5234-472\">Wenn Sie mindestens sieben Fragen mit \u201eJa\u201c beantwortet haben, besteht ein erhebliches Risiko f\u00fcr Spielsucht<sup><\/sup>. Der Test ist keine Diagnose, aber wir bieten Alternativen an, wenn Sie mit dem Spielen aufh\u00f6ren m\u00f6chten<sup><\/sup>.+1<\/p>\n\n\n\n<h4 class=\"wp-block-heading has-ast-global-color-4-color has-text-color has-link-color wp-elements-e4148acc4cca7f75d2e772b68a7179a9\">Selbstsperre<\/h4>\n\n\n\n<p id=\"p-rc_160fa103b53a5234-473\">Wir bieten eine Selbstsperre an, die \u00fcber support@bullcasino.com aktiviert werden kann<sup><\/sup>. Selbstsperre bedeutet, dass Ihr Konto f\u00fcr 1 Monat, 3 Monate, 6 Monate oder bis auf Weiteres geschlossen bleibt<sup><\/sup>. Wenn Sie die Selbstsperre w\u00e4hlen, empfehlen wir, dass Sie sich auch bei anderen Gl\u00fccksspielanbietern sperren lassen, bei denen Sie aktive Konten haben<sup><\/sup>.+2<\/p>\n\n\n\n<p id=\"p-rc_160fa103b53a5234-474\">Nicht entschiedene Spiele zum Zeitpunkt der Sperre werden nach den \u00fcblichen Routinen abgewickelt, und eventuelle Gewinne werden innerhalb der geltenden Zeitrahmen ausgezahlt<sup><\/sup>. Um das Konto wieder zu \u00f6ffnen, ist eine schriftliche Anfrage an support@bullcasino.com erforderlich, woraufhin wir Ihnen gem\u00e4\u00df unserem Standardprozess zur\u00fcckhelfen<sup><\/sup>. Zus\u00e4tzlich zur Selbstsperre empfehlen wir Software, die den Zugriff auf Gl\u00fccksspielseiten blockiert<sup><\/sup>.+2<\/p>\n\n\n\n<h4 class=\"wp-block-heading has-ast-global-color-4-color has-text-color has-link-color wp-elements-5f879b6f8e49d79081f2a3e3d7f3f2e4\">Minderj\u00e4hrige und Spiel<\/h4>\n\n\n\n<p id=\"p-rc_160fa103b53a5234-475\">Es ist f\u00fcr Personen unter 18 Jahren illegal, ein Konto zu er\u00f6ffnen oder bei Bull Casino zu spielen, und wir nehmen diese Verantwortung sehr ernst<sup><\/sup>. Wir f\u00fchren Alterspr\u00fcfungen f\u00fcr alle Kunden durch, bei denen Zahlungsmethoden von Personen unter 18 Jahren verwendet werden k\u00f6nnten, und f\u00fchren auch Stichprobenkontrollen durch<sup><\/sup>.+1<\/p>\n\n\n\n<p id=\"p-rc_160fa103b53a5234-476\">Bitte beachten Sie, dass Personen unter 18 Jahren, welche die Website nutzen, Gewinne konfisziert bekommen und riskieren, den Beh\u00f6rden gemeldet zu werden<sup><\/sup>. Lesen Sie auch unsere allgemeinen Gesch\u00e4ftsbedingungen, um \u00fcber alle Informationen zu verf\u00fcgen, was beim Spielen gilt<sup><\/sup>. Filterl\u00f6sungen erm\u00f6glichen es Eltern, die Internetnutzung von Kindern basierend auf gew\u00e4hlten Kriterien zu steuern und den Zugriff auf Spieleseiten zu blockieren<sup><\/sup>. Teilen Sie einen Computer mit Personen unter 18 Jahren oder mit jemandem, der eine Selbstsperre beantragt hat, erw\u00e4gen Sie die Nutzung von<sup><\/sup>:+3<\/p>\n\n\n\n<ul class=\"wp-block-list\">\n<li>Net Nanny\u2122 <\/li>\n\n\n\n<li>CyberPatrol <\/li>\n<\/ul>\n\n\n\n<h4 class=\"wp-block-heading has-ast-global-color-4-color has-text-color has-link-color wp-elements-0bc38e56e3db358e08af97dadba30f2b\">Hilfsorganisationen bei Spielproblemen<\/h4>\n\n\n\n<p><strong>Gambling Therapy<\/strong><\/p>\n\n\n\n<p><strong>GambleAware<\/strong> <\/p>\n\n\n\n<p><strong>Gamblers Anonymous<\/strong><\/p>\n<\/div>\n<\/div>\n","protected":false},"excerpt":{"rendered":"<p>Verantwortungsvolles Spielen Wir nehmen Verantwortungsvolles Spielen bei Bull Casino sehr ernst, da wir wissen, dass das Spielen f\u00fcr einige Kunden [&hellip;]<\/p>\n","protected":false},"author":7,"featured_media":0,"parent":0,"menu_order":0,"comment_status":"closed","ping_status":"closed","template":"","meta":{"site-sidebar-layout":"default","site-content-layout":"","ast-site-content-layout":"default","site-content-style":"default","site-sidebar-style":"default","ast-global-header-display":"","ast-banner-title-visibility":"","ast-main-header-display":"","ast-hfb-above-header-display":"","ast-hfb-below-header-display":"","ast-hfb-mobile-header-display":"","site-post-title":"disabled","ast-breadcrumbs-content":"","ast-featured-img":"","footer-sml-layout":"","ast-disable-related-posts":"","theme-transparent-header-meta":"","adv-header-id-meta":"","stick-header-meta":"","header-above-stick-meta":"","header-main-stick-meta":"","header-below-stick-meta":"","astra-migrate-meta-layouts":"default","ast-page-background-enabled":"default","ast-page-background-meta":{"desktop":{"background-color":"var(--ast-global-color-5)","background-image":"","background-repeat":"repeat","background-position":"center center","background-size":"auto","background-attachment":"scroll","background-type":"","background-media":"","overlay-type":"","overlay-color":"","overlay-opacity":"","overlay-gradient":""},"tablet":{"background-color":"","background-image":"","background-repeat":"repeat","background-position":"center center","background-size":"auto","background-attachment":"scroll","background-type":"","background-media":"","overlay-type":"","overlay-color":"","overlay-opacity":"","overlay-gradient":""},"mobile":{"background-color":"","background-image":"","background-repeat":"repeat","background-position":"center center","background-size":"auto","background-attachment":"scroll","background-type":"","background-media":"","overlay-type":"","overlay-color":"","overlay-opacity":"","overlay-gradient":""}},"ast-content-background-meta":{"desktop":{"background-color":"var(--ast-global-color-4)","background-image":"","background-repeat":"repeat","background-position":"center center","background-size":"auto","background-attachment":"scroll","background-type":"","background-media":"","overlay-type":"","overlay-color":"","overlay-opacity":"","overlay-gradient":""},"tablet":{"background-color":"var(--ast-global-color-4)","background-image":"","background-repeat":"repeat","background-position":"center center","background-size":"auto","background-attachment":"scroll","background-type":"","background-media":"","overlay-type":"","overlay-color":"","overlay-opacity":"","overlay-gradient":""},"mobile":{"background-color":"var(--ast-global-color-4)","background-image":"","background-repeat":"repeat","background-position":"center center","background-size":"auto","background-attachment":"scroll","background-type":"","background-media":"","overlay-type":"","overlay-color":"","overlay-opacity":"","overlay-gradient":""}},"footnotes":""},"class_list":["post-299","page","type-page","status-publish","hentry"],"_links":{"self":[{"href":"https:\/\/bullcasino-se.com\/de\/wp-json\/wp\/v2\/pages\/299","targetHints":{"allow":["GET"]}}],"collection":[{"href":"https:\/\/bullcasino-se.com\/de\/wp-json\/wp\/v2\/pages"}],"about":[{"href":"https:\/\/bullcasino-se.com\/de\/wp-json\/wp\/v2\/types\/page"}],"author":[{"embeddable":true,"href":"https:\/\/bullcasino-se.com\/de\/wp-json\/wp\/v2\/users\/7"}],"replies":[{"embeddable":true,"href":"https:\/\/bullcasino-se.com\/de\/wp-json\/wp\/v2\/comments?post=299"}],"version-history":[{"count":1,"href":"https:\/\/bullcasino-se.com\/de\/wp-json\/wp\/v2\/pages\/299\/revisions"}],"predecessor-version":[{"id":307,"href":"https:\/\/bullcasino-se.com\/de\/wp-json\/wp\/v2\/pages\/299\/revisions\/307"}],"wp:attachment":[{"href":"https:\/\/bullcasino-se.com\/de\/wp-json\/wp\/v2\/media?parent=299"}],"curies":[{"name":"wp","href":"https:\/\/api.w.org\/{rel}","templated":true}]}}